{"id":11,"date":"2026-01-25T09:50:59","date_gmt":"2026-01-25T09:50:59","guid":{"rendered":"http:\/\/casino.test\/?page_id=11"},"modified":"2026-01-27T18:51:19","modified_gmt":"2026-01-27T18:51:19","slug":"slotoss","status":"publish","type":"page","link":"https:\/\/casino-bk-online.top\/","title":{"rendered":"FI main"},"content":{"rendered":"","protected":false},"excerpt":{"rendered":"","protected":false},"author":1,"featured_media":0,"parent":0,"menu_order":0,"comment_status":"closed","ping_status":"closed","template":"home.php","meta":{"_acf_changed":false,"inline_featured_image":false,"footnotes":""},"class_list":["post-11","page","type-page","status-publish","hentry"],"acf":[],"yoast_head":"<!-- This site is optimized with the Yoast SEO plugin v26.8 - https:\/\/yoast.com\/product\/yoast-seo-wordpress\/ -->\n<title>friday casino Suomessa kirjautuminen bonukset sovellus ja kokemuksia<\/title>\n<meta name=\"description\" content=\"friday casino Suomessa auttaa kirjautumisessa ja kertoo casino friday login k\u00e4yt\u00e4nn\u00f6t, casino friday bonus ehdot, casino friday app mobiilissa sek\u00e4 casino friday kokemuksia ja maksut\" \/>\n<meta name=\"robots\" content=\"index, follow, max-snippet:-1, max-image-preview:large, max-video-preview:-1\" \/>\n<link rel=\"canonical\" href=\"https:\/\/casino-bk-online.top\/fi-fi\/\" \/>\n<script type=\"application\/ld+json\" class=\"yoast-schema-graph\">{\"@context\":\"https:\/\/schema.org\",\"@graph\":[{\"@type\":\"WebPage\",\"@id\":\"https:\/\/casino-bk-online.top\/\",\"url\":\"https:\/\/casino-bk-online.top\/fi-fi\/\",\"name\":\"friday casino Suomessa kirjautuminen bonukset sovellus ja kokemuksia\",\"isPartOf\":{\"@id\":\"https:\/\/casino-bk-online.top\/#website\"},\"datePublished\":\"2026-01-25T09:50:59+00:00\",\"dateModified\":\"2026-01-27T18:51:19+00:00\",\"description\":\"friday casino Suomessa auttaa kirjautumisessa ja kertoo casino friday login k\u00e4yt\u00e4nn\u00f6t, casino friday bonus ehdot, casino friday app mobiilissa sek\u00e4 casino friday kokemuksia ja maksut\",\"breadcrumb\":{\"@id\":\"https:\/\/casino-bk-online.top\/fi-fi\/#breadcrumb\"},\"inLanguage\":\"en-US\",\"potentialAction\":[{\"@type\":\"ReadAction\",\"target\":[\"https:\/\/casino-bk-online.top\/fi-fi\/\"]}]},{\"@type\":\"BreadcrumbList\",\"@id\":\"https:\/\/casino-bk-online.top\/fi-fi\/#breadcrumb\",\"itemListElement\":[{\"@type\":\"ListItem\",\"position\":1,\"name\":\"Home\",\"item\":\"https:\/\/casino-bk-online.top\/\"},{\"@type\":\"ListItem\",\"position\":2,\"name\":\"FI main\"}]},{\"@type\":\"WebSite\",\"@id\":\"https:\/\/casino-bk-online.top\/#website\",\"url\":\"https:\/\/casino-bk-online.top\/\",\"name\":\"casino-bk-online.top\",\"description\":\"\",\"potentialAction\":[{\"@type\":\"SearchAction\",\"target\":{\"@type\":\"EntryPoint\",\"urlTemplate\":\"https:\/\/casino-bk-online.top\/?s={search_term_string}\"},\"query-input\":{\"@type\":\"PropertyValueSpecification\",\"valueRequired\":true,\"valueName\":\"search_term_string\"}}],\"inLanguage\":\"en-US\"}]}<\/script>\n<!-- \/ Yoast SEO plugin. -->","yoast_head_json":{"title":"friday casino Suomessa kirjautuminen bonukset sovellus ja kokemuksia","description":"friday casino Suomessa auttaa kirjautumisessa ja kertoo casino friday login k\u00e4yt\u00e4nn\u00f6t, casino friday bonus ehdot, casino friday app mobiilissa sek\u00e4 casino friday kokemuksia ja maksut","robots":{"index":"index","follow":"follow","max-snippet":"max-snippet:-1","max-image-preview":"max-image-preview:large","max-video-preview":"max-video-preview:-1"},"canonical":"https:\/\/casino-bk-online.top\/fi-fi\/","schema":{"@context":"https:\/\/schema.org","@graph":[{"@type":"WebPage","@id":"https:\/\/casino-bk-online.top\/","url":"https:\/\/casino-bk-online.top\/fi-fi\/","name":"friday casino Suomessa kirjautuminen bonukset sovellus ja kokemuksia","isPartOf":{"@id":"https:\/\/casino-bk-online.top\/#website"},"datePublished":"2026-01-25T09:50:59+00:00","dateModified":"2026-01-27T18:51:19+00:00","description":"friday casino Suomessa auttaa kirjautumisessa ja kertoo casino friday login k\u00e4yt\u00e4nn\u00f6t, casino friday bonus ehdot, casino friday app mobiilissa sek\u00e4 casino friday kokemuksia ja maksut","breadcrumb":{"@id":"https:\/\/casino-bk-online.top\/fi-fi\/#breadcrumb"},"inLanguage":"en-US","potentialAction":[{"@type":"ReadAction","target":["https:\/\/casino-bk-online.top\/fi-fi\/"]}]},{"@type":"BreadcrumbList","@id":"https:\/\/casino-bk-online.top\/fi-fi\/#breadcrumb","itemListElement":[{"@type":"ListItem","position":1,"name":"Home","item":"https:\/\/casino-bk-online.top\/"},{"@type":"ListItem","position":2,"name":"FI main"}]},{"@type":"WebSite","@id":"https:\/\/casino-bk-online.top\/#website","url":"https:\/\/casino-bk-online.top\/","name":"casino-bk-online.top","description":"","potentialAction":[{"@type":"SearchAction","target":{"@type":"EntryPoint","urlTemplate":"https:\/\/casino-bk-online.top\/?s={search_term_string}"},"query-input":{"@type":"PropertyValueSpecification","valueRequired":true,"valueName":"search_term_string"}}],"inLanguage":"en-US"}]}},"amp_enabled":true,"_links":{"self":[{"href":"https:\/\/casino-bk-online.top\/wp-json\/wp\/v2\/pages\/11","targetHints":{"allow":["GET"]}}],"collection":[{"href":"https:\/\/casino-bk-online.top\/wp-json\/wp\/v2\/pages"}],"about":[{"href":"https:\/\/casino-bk-online.top\/wp-json\/wp\/v2\/types\/page"}],"author":[{"embeddable":true,"href":"https:\/\/casino-bk-online.top\/wp-json\/wp\/v2\/users\/1"}],"replies":[{"embeddable":true,"href":"https:\/\/casino-bk-online.top\/wp-json\/wp\/v2\/comments?post=11"}],"version-history":[{"count":34,"href":"https:\/\/casino-bk-online.top\/wp-json\/wp\/v2\/pages\/11\/revisions"}],"predecessor-version":[{"id":703,"href":"https:\/\/casino-bk-online.top\/wp-json\/wp\/v2\/pages\/11\/revisions\/703"}],"wp:attachment":[{"href":"https:\/\/casino-bk-online.top\/wp-json\/wp\/v2\/media?parent=11"}],"curies":[{"name":"wp","href":"https:\/\/api.w.org\/{rel}","templated":true}]}}